{"id":4265,"date":"2023-03-28T14:53:57","date_gmt":"2023-03-28T14:53:57","guid":{"rendered":"https:\/\/savoury-events.ro\/?page_id=4265"},"modified":"2023-03-28T14:56:27","modified_gmt":"2023-03-28T14:56:27","slug":"politica-de-confidentialitate","status":"publish","type":"page","link":"https:\/\/savoury-events.ro\/en\/politica-de-confidentialitate\/","title":{"rendered":"Politica de confiden\u021bialitate"},"content":{"rendered":"\t\t<div data-elementor-type=\"wp-page\" data-elementor-id=\"4265\" class=\"elementor elementor-4265\" data-elementor-post-type=\"page\">\n\t\t\t\t\t\t<section class=\"elementor-section elementor-top-section elementor-element elementor-element-8cbbcfe elementor-section-boxed elementor-section-height-default elementor-section-height-default\" data-id=\"8cbbcfe\" data-element_type=\"section\" data-e-type=\"section\" data-settings=\"{&quot;grandrestaurant_ext_is_background_parallax&quot;:&quot;false&quot;,&quot;grandrestaurant_ext_is_background_on_scroll&quot;:&quot;false&quot;}\">\n\t\t\t\t\t\t<div class=\"elementor-container elementor-column-gap-default\">\n\t\t\t\t\t<div class=\"elementor-column elementor-col-100 elementor-top-column elementor-element elementor-element-5ad8361\" data-id=\"5ad8361\" data-element_type=\"column\" data-e-type=\"column\" data-settings=\"{&quot;grandrestaurant_ext_link_reservation&quot;:&quot;false&quot;,&quot;grandrestaurant_ext_link_sidemenu&quot;:&quot;false&quot;,&quot;grandrestaurant_ext_is_scrollme&quot;:&quot;false&quot;,&quot;grandrestaurant_ext_is_smoove&quot;:&quot;false&quot;,&quot;grandrestaurant_ext_is_parallax_mouse&quot;:&quot;false&quot;,&quot;grandrestaurant_ext_is_infinite&quot;:&quot;false&quot;,&quot;grandrestaurant_ext_is_fadeout_animation&quot;:&quot;false&quot;}\">\n\t\t\t<div class=\"elementor-widget-wrap elementor-element-populated\">\n\t\t\t\t\t\t<div class=\"elementor-element elementor-element-efdf905 elementor-widget elementor-widget-heading\" data-id=\"efdf905\" data-element_type=\"widget\" data-e-type=\"widget\" data-settings=\"{&quot;grandrestaurant_ext_link_reservation&quot;:&quot;false&quot;,&quot;grandrestaurant_ext_link_sidemenu&quot;:&quot;false&quot;,&quot;grandrestaurant_ext_is_scrollme&quot;:&quot;false&quot;,&quot;grandrestaurant_ext_is_smoove&quot;:&quot;false&quot;,&quot;grandrestaurant_ext_is_parallax_mouse&quot;:&quot;false&quot;,&quot;grandrestaurant_ext_is_infinite&quot;:&quot;false&quot;,&quot;grandrestaurant_ext_is_fadeout_animation&quot;:&quot;false&quot;}\" data-widget_type=\"heading.default\">\n\t\t\t\t<div class=\"elementor-widget-container\">\n\t\t\t\t\t<h2 class=\"elementor-heading-title elementor-size-default\">POLITICA PRIVIND FISIERELE COOKIES<\/h2>\t\t\t\t<\/div>\n\t\t\t\t<\/div>\n\t\t\t\t\t<\/div>\n\t\t<\/div>\n\t\t\t\t\t<\/div>\n\t\t<\/section>\n\t\t\t\t<section class=\"elementor-section elementor-top-section elementor-element elementor-element-9381a98 elementor-section-boxed elementor-section-height-default elementor-section-height-default\" data-id=\"9381a98\" data-element_type=\"section\" data-e-type=\"section\" data-settings=\"{&quot;grandrestaurant_ext_is_background_parallax&quot;:&quot;false&quot;,&quot;grandrestaurant_ext_is_background_on_scroll&quot;:&quot;false&quot;}\">\n\t\t\t\t\t\t<div class=\"elementor-container elementor-column-gap-default\">\n\t\t\t\t\t<div class=\"elementor-column elementor-col-100 elementor-top-column elementor-element elementor-element-0e3c8b4\" data-id=\"0e3c8b4\" data-element_type=\"column\" data-e-type=\"column\" data-settings=\"{&quot;grandrestaurant_ext_link_reservation&quot;:&quot;false&quot;,&quot;grandrestaurant_ext_link_sidemenu&quot;:&quot;false&quot;,&quot;grandrestaurant_ext_is_scrollme&quot;:&quot;false&quot;,&quot;grandrestaurant_ext_is_smoove&quot;:&quot;false&quot;,&quot;grandrestaurant_ext_is_parallax_mouse&quot;:&quot;false&quot;,&quot;grandrestaurant_ext_is_infinite&quot;:&quot;false&quot;,&quot;grandrestaurant_ext_is_fadeout_animation&quot;:&quot;false&quot;}\">\n\t\t\t<div class=\"elementor-widget-wrap elementor-element-populated\">\n\t\t\t\t\t\t<div class=\"elementor-element elementor-element-2008016 elementor-widget elementor-widget-text-editor\" data-id=\"2008016\" data-element_type=\"widget\" data-e-type=\"widget\" data-settings=\"{&quot;grandrestaurant_ext_link_reservation&quot;:&quot;false&quot;,&quot;grandrestaurant_ext_link_sidemenu&quot;:&quot;false&quot;,&quot;grandrestaurant_ext_is_scrollme&quot;:&quot;false&quot;,&quot;grandrestaurant_ext_is_smoove&quot;:&quot;false&quot;,&quot;grandrestaurant_ext_is_parallax_mouse&quot;:&quot;false&quot;,&quot;grandrestaurant_ext_is_infinite&quot;:&quot;false&quot;,&quot;grandrestaurant_ext_is_fadeout_animation&quot;:&quot;false&quot;}\" data-widget_type=\"text-editor.default\">\n\t\t\t\t<div class=\"elementor-widget-container\">\n\t\t\t\t\t\t\t\t\t<p style=\"font-weight: 400;\"><strong><em>Introducere<\/em><\/strong><\/p><p style=\"font-weight: 400;\">Prezenta Politic\u0103 privind fi\u0219ierele cookies se aplic\u0103 tuturor utilizatorilor paginii de internet\u00a0www.savoury-events.ro. Informa\u021biile prezentate \u00een continuare au ca scop informarea utilizatorilor acestei pagini de internet cu privire la plasarea, utilizarea \u0219i administrarea cookie-urilor de c\u0103tre\u00a0ENJOY COFFEE SRL\u00a0\u00een contextul navig\u0103rii utilizatorilor pe aceast\u0103 pagin\u0103 de internet.<\/p><p style=\"font-weight: 400;\"><strong><em>Ce sunt cookie-urile?<\/em><\/strong><\/p><p style=\"font-weight: 400;\">Folosim termenul \u201ecookie\u201d-uri pentru a ne referi la modulele cookie \u0219i la tehnologiile similare prin intermediul c\u0103rora pot fi colectate informa\u021bii \u00een mod automat. Un \u201eInternet Cookie\u201d (termen cunoscut \u0219i sub denumirea de \u201ebrowser cookie\u201d sau \u201eHTTP cookie\u201d ori \u201ecookie\u201d) reprezint\u0103 un fi\u0219ier de mici dimensiuni, format din litere \u0219i numere, care va fi stocat pe computerul, terminalul mobil sau pe alte echipamente ale unui utilizator prin intermediul c\u0103rora se acceseaz\u0103 internetul. Cookie-urile sunt instalate prin solicitarea emis\u0103 de un web-server c\u0103tre un browser (de ex.: Safari, Firefox, Chrome).<\/p><p style=\"font-weight: 400;\">Cookie-urile odat\u0103 instalate au o durat\u0103 de existen\u021b\u0103 determinat\u0103, r\u0103m\u00e2n\u00e2nd \u201epasive\u201d, \u00een sensul c\u0103 nu con\u021bin programe software, viru\u0219i sau spyware \u0219i nu vor accesa informa\u021biile de pe hard driverul utilizatorului pe al c\u0103rui echipament au fost instalate.<br \/>Un cookie este format din dou\u0103 p\u0103r\u021bi: numele cookie-ului \u0219i con\u021binutul sau valoarea cookie-ului.<br \/>Din punct de vedere tehnic, doar web-serverul care a trimis cookie-ul \u00eel poate accesa din nou \u00een momentul \u00een care un utilizator se \u00eentoarce pe pagina de internet asociat\u0103 web-serverului respectiv.<\/p><p style=\"font-weight: 400;\"><strong><em>Tipuri de cookie-uri utilizate pe acest site<\/em><\/strong><\/p><p style=\"font-weight: 400;\">Site-ul nostru web poate utiliza at\u00e2t cookie-uri care nu necesit\u0103 acordul dumneavoastr\u0103 pentru a fi desc\u0103rcate \u00een dispozitivul dumneavoastr\u0103, c\u00e2t \u0219i cookie-uri care pot fi desc\u0103rcate doar cu acordul dumneavoastr\u0103 prealabil.<\/p><ol><li style=\"font-weight: 400;\">Cookie-uri necesare\u00a0(NU necesit\u0103 acordul dumneavoastr\u0103 prealabil): Aceste cookie-uri sunt necesare pentru func\u021bionarea site-ului web \u0219i nu pot fi dezactivate \u00een sistemele noastre. De regul\u0103 sunt setate doar ca r\u0103spuns la ac\u021biuni \u00eentreprinse de dvs. de natura unei cereri pentru servicii, cum ar fi setarea preferin\u021belor dvs. referitoare la confiden\u021bialitate, logare sau completarea unor formulare. V\u0103 pute\u021bi seta browser-ul s\u0103 blocheze sau s\u0103 v\u0103 avertizeze cu privire la aceste cookie-uri, \u00eens\u0103 anumite sec\u021biuni ale site-ului nu vor mai func\u021biona. Aceste cookie-uri nu stocheaz\u0103 informa\u021bii de identificare personal\u0103. Aceste cookie-uri vor avea o perioad\u0103 de valabilitate (nu mai lung\u0103 de 2 ani) dup\u0103 care vor fi dezactivate \u00een mod automat. Aceste cookie-uri \u0219i informa\u021biile incluse \u00een acestea nu vor fi utilizate \u00een alte scopuri dec\u00e2t cele descrise mai sus.\u00a0<\/li><li style=\"font-weight: 400;\">Cookie-uri op\u021bionale\u00a0(necesit\u0103 ACORDUL dumneavoastr\u0103 prealabil): site-ul nostru web utilizeaz\u0103 \u0219i cookie-uri op\u021bionale, care pot fi instalate doar cu acordul dumneavoastr\u0103 prealabil.Site-ul nostru web poate seta, inclusiv cookie-uri apar\u021bin\u00e2nd unor ter\u021be p\u0103r\u021bi, cu condi\u021bia s\u0103 v\u0103 exprima\u021bi \u00eentotdeauna acordul \u00een prealabil cu privire la instalarea respectiv\u0103. Aceste ter\u021be p\u0103r\u021bi pot accesa informa\u021biile colectate prin cookie-urile lor. Astfel de ter\u021be p\u0103r\u021bi sunt, spre exemplu:<\/li><\/ol><p style=\"font-weight: 400;\">Google Inc.\u00a0(prin serviciile sale Google Analytics \u0219i Google Doubleclick \u0219i, dup\u0103 caz, prin Google Plus plug-in)<\/p><p style=\"font-weight: 400;\">Facebook\u00a0(prin plug-in-uri)<\/p><p style=\"font-weight: 400;\">Twitter\u00a0(prin plug-in-uri)<\/p><p style=\"font-weight: 400;\">Cookie-urile op\u021bionale pot include:\u00a0<\/p><ul><li>Cookie-uri de performan\u021b\u0103: Aceste cookie-uri ne permit s\u0103 contabiliz\u0103m vizitele \u0219i sursele de trafic pentru a putea m\u0103sura \u0219i \u00eembun\u0103t\u0103\u021bi performan\u021ba site-ului nostru. Acestea ne ajut\u0103 s\u0103 \u0219tim care pagini sunt cele mai populare \u0219i care sunt cele mai pu\u021bin populare \u0219i s\u0103 vedem modul \u00een care vizitatorii navigheaz\u0103 prin site. Toate informa\u021biile pe care aceste cookie-uri le colecteaz\u0103 sunt agregate \u0219i, ca atare, anonime. Dac\u0103 nu accepta\u021bi aceste cookie-uri nu vom \u0219ti c\u00e2nd ne-a\u021bi vizitat site-ul \u0219i nu vom putea monitoriza performan\u021ba acestuia.\u00a0<\/li><li>Cookie-uri func\u021bionale: Aceste cookie-uri permit site-ului web s\u0103 asigure o func\u021bionalitate \u0219i o personalizare sporit\u0103. Acestea pot fi setate de noi sau de ter\u021bi prestatori ale c\u0103ror servicii au fost ad\u0103ugate de noi pe paginile noastre. Dac\u0103 nu accepta\u021bi aceste cookie-uri, unele dintre sau toate aceste servicii pot s\u0103 nu func\u021bioneze corespunz\u0103tor.\u00a0<\/li><li>Cookie-uri pentru publicitate personalizat\u0103: Aceste cookie-uri pot fi plasate prin intermediul site-ului nostru de c\u0103tre partenerii no\u0219tri publicitari. Acestea pot fi utilizate de companiile respective pentru a crea un profil al intereselor dvs. \u0219i pentru a v\u0103 ar\u0103ta reclame relevante pe alte site-uri. Aceste cookie-uri nu stocheaz\u0103 informa\u021bii personale \u00een mod direct, ci se bazeaz\u0103 pe identificarea unic\u0103 a browser-ului \u0219i dispozitivului dvs. conectat la internet. Dac\u0103 nu accepta\u021bi aceste cookie-uri, v\u0103 vor ap\u0103rea mai pu\u021bine reclame personalizate.<\/li><li>Cookie-uri de social media: Aceste cookie-uri sunt plasate de o serie de servicii de social media pe care le-am ad\u0103ugat pe site pentru a v\u0103 permite s\u0103 partaja\u021bi con\u021binutul nostru cu prietenii \u0219i re\u021belele dvs. Acestea v\u0103 pot urm\u0103ri browser-ul pe alte site-uri \u0219i pot crea un profil al intereselor dvs. Acest lucru poate afecta con\u021binutul \u0219i mesajele pe care le vede\u021bi pe alte site-uri pe care le vizita\u021bi. Dac\u0103 nu accepta\u021bi aceste cookie-uri, este posibil s\u0103 nu pute\u021bi utiliza sau vedea aceste instrumente de partajare.\u00a0<\/li><\/ul><p style=\"font-weight: 400;\">Toate aceste cookie-uri sunt instalate doar cu acordul dumneavoastr\u0103 prealabil. Din acest motiv, atunci c\u00e2nd accesa\u021bi site-ul nostru web este afi\u0219at un banner special care:\u00a0<\/p><ol><li>v\u0103 informeaz\u0103 c\u0103 site-ul nostru web utilizeaz\u0103 cookie-uri care ne apar\u021bin nou\u0103 sau unor ter\u021bi, \u00een scopuri de performan\u021b\u0103 \u0219i pentru difuzarea de reclame, \u00een conformitate cu preferin\u021bele dvs. de navigare \u0219i care pot fi de interes pentru dvs., \u0219i\u00a0<\/li><li>v\u0103 d\u0103 posibilitatea de a v\u0103 exprima op\u021biunea cu privire la categoriile de cookie-uri pe care site-ul nostru web le instaleaz\u0103 pe dispozitivele dumneavoastr\u0103 (cu excep\u021bia celor necesare, care sunt instalate automat, la momentul acces\u0103rii site-ului web). Dup\u0103 exprimarea op\u021biunii dumneavoastr\u0103, banner-ul de cookie-uri va disp\u0103rea. Vom urm\u0103ri op\u021biunea\/consim\u021b\u0103m\u00e2ntul dumneavoastr\u0103 (dac\u0103 este cazul) prin intermediul unui cookie tehnic specific. Ca o consecin\u021b\u0103, bannerul de cookie-uri nu va mai fi afi\u0219at dac\u0103 vizita\u021bi din nou site-ul nostru web \u00een viitor. \u00cen cazul \u00een care ve\u021bi decide s\u0103 \u0219terge\u021bi cookie-urile tehnice, v\u0103 rug\u0103m s\u0103 \u021bine\u021bi cont de faptul c\u0103 vom pierde eviden\u021ba op\u021biunilor\/consim\u021b\u0103m\u00e2ntului dumneavoastr\u0103 \u0219i, ca atare, bannerul de cookie-uri v\u0103 va fi prezentat din nou la urm\u0103toarea dumneavoastr\u0103 vizit\u0103 pe site-ul nostru web. Pute\u021bi decide \u00een orice moment, la libera dumneavoastr\u0103 alegere, s\u0103 bloca\u021bi set\u0103rile cookie-urilor de profilare sau s\u0103 v\u0103 retrage\u021bi consim\u021b\u0103m\u00e2ntul exprimat \u00een prealabil f\u0103r\u0103 ca acest lucru s\u0103 afecteze capacitatea dumneavoastr\u0103 de a vizita site-ul web \u0219i de a beneficia de con\u021binutul relevant. Dac\u0103 dori\u021bi s\u0103 afla\u021bi mai multe informa\u021bii \u00een acest sens, v\u0103 rug\u0103m s\u0103 citi\u021bi cu aten\u021bie politicile referitoare la cookie-urile ter\u021bilor care sunt disponibile la urm\u0103toarele link-uri de mai jos.<\/li><\/ol><p style=\"font-weight: 400;\"><strong><em>Cum s\u0103 activ\u0103m \u0219i s\u0103 dezactiv\u0103m cookie-uri<\/em><\/strong><\/p><p style=\"font-weight: 400;\">Pute\u021bi decide dac\u0103 dori\u021bi s\u0103 permite\u021bi instalarea de cookie-uri \u0219i prin utilizarea sec\u021biunii de set\u0103ri a browser-ului dumneavoastr\u0103. Cu toate acestea, \u00een cazul \u00een care dezactiva\u021bi unul sau mai multe cookie-uri, anumite elemente din acest site web pot fi afectate ca o consecin\u021b\u0103 (v\u0103 rug\u0103m s\u0103 \u021bine\u021bi cont de faptul c\u0103 sunt necesare cookie-urile de navigare pentru o bun\u0103 func\u021bionare a elementelor de baz\u0103 ale site-ului web). Configura\u021bia browser-ului \u00een leg\u0103tur\u0103 cu aceast\u0103 alegere poate fi monitorizat\u0103 \u0219i modificat\u0103 \u00een sec\u021biunea de set\u0103ri a browser-ului dumneavoastr\u0103.<\/p><p style=\"font-weight: 400;\"><strong><em>Pentru ce scopuri sunt utilizate cookie-urile prin intermediul acestui site<\/em><\/strong><\/p><p style=\"font-weight: 400;\">Cookie-urile sunt utilizate pentru a furniza utilizatorilor acestei pagini de internet o experien\u021b\u0103 mai bun\u0103 de navigare \u0219i servicii adaptate nevoilor \u0219i interesului fiec\u0103rui utilizator \u00een parte \u0219i anume pentru:<\/p><ul><li>\u00eembun\u0103t\u0103\u021birea utiliz\u0103rii acestei pagini de internet, inclusiv prin identificarea oric\u0103ror erori care apar \u00een timpul vizit\u0103rii\/utiliz\u0103rii acesteia de c\u0103tre utilizatori;<\/li><li>furnizarea de statistici anonime cu privire la modul \u00een care este utilizat\u0103 aceast\u0103 pagin\u0103 de internet c\u0103tre\u00a0[de\u021bin\u0103torul website-ului], \u00een calitate de de\u021bin\u0103tor al acestei pagini de internet;<\/li><li>anticiparea unor eventuale bunuri care vor fi \u00een viitor puse la dispozi\u021bia utilizatorilor prin intermediul acestei pagini de internet, \u00een func\u021bie de serviciile \/ produsele accesate.<\/li><\/ul><p style=\"font-weight: 400;\">Pe baza feedback-ului transmis prin cookie-uri \u00een leg\u0103tur\u0103 cu modul \u00een care se utilizeaz\u0103 aceast\u0103 pagin\u0103 de internet,\u00a0ENJOY COFFEE\u00a0poate adopta m\u0103suri pentru ca aceast\u0103 pagin\u0103 de internet s\u0103 fie mai eficient\u0103 \u0219i mai accesibil\u0103 pentru utilizatori.<\/p><p style=\"font-weight: 400;\"><strong><em>Ce tip de informatii sunt stocate si accesate prin intermediul cookie-urilor?<\/em><\/strong><\/p><p style=\"font-weight: 400;\">Cookie-urile pastreaza informatii intr-un fisier text de mici dimensiuni care permit recunoasterea browser-ului. Aceasta pagina de internet recunoste browser-ul pana cand cookie-urile expira sau sunt sterse.<\/p>\t\t\t\t\t\t\t\t<\/div>\n\t\t\t\t<\/div>\n\t\t\t\t\t<\/div>\n\t\t<\/div>\n\t\t\t\t\t<\/div>\n\t\t<\/section>\n\t\t\t\t<\/div>\n\t\t","protected":false},"excerpt":{"rendered":"<p>POLITICA PRIVIND FISIERELE COOKIES Introducere Prezenta Politic\u0103 privind fi\u0219ierele cookies se aplic\u0103 tuturor utilizatorilor paginii de internet\u00a0www.savoury-events.ro. Informa\u021biile prezentate \u00een continuare au ca scop informarea utilizatorilor acestei pagini de internet cu privire la plasarea, utilizarea \u0219i administrarea cookie-urilor de c\u0103tre\u00a0ENJOY [&hellip;]<\/p>\n","protected":false},"author":1,"featured_media":0,"parent":0,"menu_order":0,"comment_status":"closed","ping_status":"closed","template":"","meta":{"footnotes":""},"class_list":["post-4265","page","type-page","status-publish","hentry"],"_links":{"self":[{"href":"https:\/\/savoury-events.ro\/en\/wp-json\/wp\/v2\/pages\/4265","targetHints":{"allow":["GET"]}}],"collection":[{"href":"https:\/\/savoury-events.ro\/en\/wp-json\/wp\/v2\/pages"}],"about":[{"href":"https:\/\/savoury-events.ro\/en\/wp-json\/wp\/v2\/types\/page"}],"author":[{"embeddable":true,"href":"https:\/\/savoury-events.ro\/en\/wp-json\/wp\/v2\/users\/1"}],"replies":[{"embeddable":true,"href":"https:\/\/savoury-events.ro\/en\/wp-json\/wp\/v2\/comments?post=4265"}],"version-history":[{"count":0,"href":"https:\/\/savoury-events.ro\/en\/wp-json\/wp\/v2\/pages\/4265\/revisions"}],"wp:attachment":[{"href":"https:\/\/savoury-events.ro\/en\/wp-json\/wp\/v2\/media?parent=4265"}],"curies":[{"name":"wp","href":"https:\/\/api.w.org\/{rel}","templated":true}]}}