{"id":4808,"date":"2024-03-01T13:33:20","date_gmt":"2024-03-01T13:33:20","guid":{"rendered":"https:\/\/savoury-events.ro\/?page_id=4808"},"modified":"2024-03-01T13:58:35","modified_gmt":"2024-03-01T13:58:35","slug":"blog","status":"publish","type":"page","link":"https:\/\/savoury-events.ro\/en\/blog\/","title":{"rendered":"Blog"},"content":{"rendered":"<div data-elementor-type=\"wp-page\" data-elementor-id=\"4808\" class=\"elementor elementor-4808\" data-elementor-post-type=\"page\">\n\t\t\t\t\t\t<section class=\"elementor-section elementor-top-section elementor-element elementor-element-d2c0a3d elementor-section-boxed elementor-section-height-default elementor-section-height-default\" data-id=\"d2c0a3d\" data-element_type=\"section\" data-e-type=\"section\" data-settings=\"{&quot;grandrestaurant_ext_is_background_parallax&quot;:&quot;false&quot;,&quot;grandrestaurant_ext_is_background_on_scroll&quot;:&quot;false&quot;}\">\n\t\t\t\t\t\t<div class=\"elementor-container elementor-column-gap-default\">\n\t\t\t\t\t<div class=\"elementor-column elementor-col-100 elementor-top-column elementor-element elementor-element-56c5e1d\" data-id=\"56c5e1d\" data-element_type=\"column\" data-e-type=\"column\" data-settings=\"{&quot;grandrestaurant_ext_link_reservation&quot;:&quot;false&quot;,&quot;grandrestaurant_ext_link_sidemenu&quot;:&quot;false&quot;,&quot;grandrestaurant_ext_is_scrollme&quot;:&quot;false&quot;,&quot;grandrestaurant_ext_is_smoove&quot;:&quot;false&quot;,&quot;grandrestaurant_ext_is_parallax_mouse&quot;:&quot;false&quot;,&quot;grandrestaurant_ext_is_infinite&quot;:&quot;false&quot;,&quot;grandrestaurant_ext_is_fadeout_animation&quot;:&quot;false&quot;}\">\n\t\t\t<div class=\"elementor-widget-wrap elementor-element-populated\">\n\t\t\t\t\t\t<div class=\"elementor-element elementor-element-01b9e5f elementor-widget elementor-widget-grandrestaurant-blog-posts\" data-id=\"01b9e5f\" data-element_type=\"widget\" data-e-type=\"widget\" data-settings=\"{&quot;grandrestaurant_ext_link_reservation&quot;:&quot;false&quot;,&quot;grandrestaurant_ext_link_sidemenu&quot;:&quot;false&quot;,&quot;grandrestaurant_ext_is_scrollme&quot;:&quot;false&quot;,&quot;grandrestaurant_ext_is_smoove&quot;:&quot;false&quot;,&quot;grandrestaurant_ext_is_parallax_mouse&quot;:&quot;false&quot;,&quot;grandrestaurant_ext_is_infinite&quot;:&quot;false&quot;,&quot;grandrestaurant_ext_is_fadeout_animation&quot;:&quot;false&quot;}\" data-widget_type=\"grandrestaurant-blog-posts.default\">\n\t\t\t\t<div class=\"elementor-widget-container\">\n\t\t\t\t\t<div class=\"blog-post-content-wrapper layout-grid\">\n<!-- Begin each blog post -->\n<div class=\"blog-posts-grid post-4996 post type-post status-publish format-standard has-post-thumbnail hentry category-evenimente\">\n\t\n\t\t<div class=\"post-wrapper smoove disable_tablet\" data-delay=\"100\" data-minwidth=\"769\" data-offset=\"-30%\">\n\t\t\n\t\t\t\t    <div class=\"post-featured-image static\">\n\t\t\t    \t\t\t    <div class=\"post-featured-image-hover\">\n\t\t\t\t    \n\t\t\t\t    \t\t\t    \t<div class=\"post-featured-date-wrapper\">\n\t\t\t\t\t    <div class=\"post-featured-date\">05<\/div>\n\t\t\t\t\t    <div class=\"post-featured-month\">Jun<\/div>\n\t\t\t\t\t<\/div>\n\t\t\t\t\t\t\t\t\t    \n\t\t\t     \t\t\t\t\t     <img decoding=\"async\"  src=\"https:\/\/savoury-events.ro\/wp-content\/uploads\/2024\/06\/bar-mobil-cocktail-bar-nunta-nunta-botez-960x500.webp\" class=\"disable_tablet\" alt=\"bar mobil cocktail-bar nunta botez\"\/>\n\t\t\t\t     \t\t\t     \t\t\t\t     \t<a href=\"https:\/\/savoury-events.ro\/en\/bar-mobil-vs-oferta-de-bauturi-puse-la-dispozitie-de-restaurante-de-ce-merita-sa-alegi-un-serviciu-de-bar-mobil-pentru-nunta-sau-orice-eveniment-privat\/\"><\/a>\n\t\t\t    <\/div>\n\t\t    <\/div>\n\t\t\t    \n\t    <div class=\"post-content-wrapper text-\">\n\t\t    \n\t\t    <div class=\"post-header\">\n\t\t\t    <div class=\"post-header-title\">\n\t\t\t\t    <h5><a href=\"https:\/\/savoury-events.ro\/en\/bar-mobil-vs-oferta-de-bauturi-puse-la-dispozitie-de-restaurante-de-ce-merita-sa-alegi-un-serviciu-de-bar-mobil-pentru-nunta-sau-orice-eveniment-privat\/\" title=\"Bar mobil vs. oferta de b\u0103uturi puse la dispozi\u021bie de restaurante: de ce merit\u0103 s\u0103 alegi un serviciu de bar mobil pentru nunt\u0103 sau orice eveniment privat\">Bar mobil vs. oferta de b\u0103uturi puse la dispozi\u021bie de restaurante: de ce merit\u0103 s\u0103 alegi un serviciu de bar mobil pentru nunt\u0103 sau orice eveniment privat<\/a><\/h5>\n\t\t\t\t<\/div>\n\t\t\t    \n\t\t\t    \t\t\t    <div class=\"post-detail single-post\">\n\t\t\t\t    \n\t\t\t\t    \t\t\t    \t<span class=\"post-info-cat\">\n\t\t\t\t\t\t\t\t\t\t\t\t      \t<a href=\"https:\/\/savoury-events.ro\/en\/category\/evenimente\/\">Evenimente<\/a>\n\t\t\t\t\t\t\t\t\t    \t<\/span>\n\t\t\t    \t\t\t\t \t<\/div>\n\t\t\t \t\t\t\t<\/div>\n\t    \n\t\t\t<div class=\"post-header-wrapper\">\n\t\t\t\t<p>Planificarea unei nun\u021bi sau a unui eveniment privat este un proces complex, iar fiecare detaliu...<\/p>\t\t\t    <div class=\"post-button-wrapper\">\n\t\t\t\t    <a class=\"continue-reading\" href=\"https:\/\/savoury-events.ro\/en\/bar-mobil-vs-oferta-de-bauturi-puse-la-dispozitie-de-restaurante-de-ce-merita-sa-alegi-un-serviciu-de-bar-mobil-pentru-nunta-sau-orice-eveniment-privat\/\" title=\"Bar mobil vs. oferta de b\u0103uturi puse la dispozi\u021bie de restaurante: de ce merit\u0103 s\u0103 alegi un serviciu de bar mobil pentru nunt\u0103 sau orice eveniment privat\">Continue Reading<span><\/span><\/a>\n\t\t\t    <\/div>\n\t\t\t    <br class=\"clear\"\/>\n\t\t\t<\/div>\n\t    <\/div>\n\t    \n\t<\/div>\n\n<\/div>\n<!-- End each blog post --><!-- Begin each blog post -->\n<div class=\"blog-posts-grid post-4990 post type-post status-publish format-standard has-post-thumbnail hentry category-evenimente\">\n\t\n\t\t<div class=\"post-wrapper smoove disable_tablet\" data-delay=\"200\" data-minwidth=\"769\" data-offset=\"-30%\">\n\t\t\n\t\t\t\t    <div class=\"post-featured-image static\">\n\t\t\t    \t\t\t    <div class=\"post-featured-image-hover\">\n\t\t\t\t    \n\t\t\t\t    \t\t\t    \t<div class=\"post-featured-date-wrapper\">\n\t\t\t\t\t    <div class=\"post-featured-date\">15<\/div>\n\t\t\t\t\t    <div class=\"post-featured-month\">May<\/div>\n\t\t\t\t\t<\/div>\n\t\t\t\t\t\t\t\t\t    \n\t\t\t     \t\t\t\t\t     <img decoding=\"async\"  src=\"https:\/\/savoury-events.ro\/wp-content\/uploads\/2024\/05\/cafea-evenimente-nunta-botez-petreceri-960x500.webp\" class=\"disable_tablet\" alt=\"cafea evenimente nunta botez petreceri coffee corner\"\/>\n\t\t\t\t     \t\t\t     \t\t\t\t     \t<a href=\"https:\/\/savoury-events.ro\/en\/de-la-cocktail-bar-la-coffee-corner-personalizarea-experientei-oaspetilor-cu-servicii-complete-de-bar-mobil-pentru-nunta\/\"><\/a>\n\t\t\t    <\/div>\n\t\t    <\/div>\n\t\t\t    \n\t    <div class=\"post-content-wrapper text-\">\n\t\t    \n\t\t    <div class=\"post-header\">\n\t\t\t    <div class=\"post-header-title\">\n\t\t\t\t    <h5><a href=\"https:\/\/savoury-events.ro\/en\/de-la-cocktail-bar-la-coffee-corner-personalizarea-experientei-oaspetilor-cu-servicii-complete-de-bar-mobil-pentru-nunta\/\" title=\"De la cocktail bar la coffee corner: personalizarea experien\u021bei oaspe\u021bilor cu servicii complete de bar mobil pentru nunt\u0103\">De la cocktail bar la coffee corner: personalizarea experien\u021bei oaspe\u021bilor cu servicii complete de bar mobil pentru nunt\u0103<\/a><\/h5>\n\t\t\t\t<\/div>\n\t\t\t    \n\t\t\t    \t\t\t    <div class=\"post-detail single-post\">\n\t\t\t\t    \n\t\t\t\t    \t\t\t    \t<span class=\"post-info-cat\">\n\t\t\t\t\t\t\t\t\t\t\t\t      \t<a href=\"https:\/\/savoury-events.ro\/en\/category\/evenimente\/\">Evenimente<\/a>\n\t\t\t\t\t\t\t\t\t    \t<\/span>\n\t\t\t    \t\t\t\t \t<\/div>\n\t\t\t \t\t\t\t<\/div>\n\t    \n\t\t\t<div class=\"post-header-wrapper\">\n\t\t\t\t<p>Treci la urm\u0103torul nivel de personalizare al nun\u021bii voastre \u2013 servicii de bar mobil inovatoare...<\/p>\t\t\t    <div class=\"post-button-wrapper\">\n\t\t\t\t    <a class=\"continue-reading\" href=\"https:\/\/savoury-events.ro\/en\/de-la-cocktail-bar-la-coffee-corner-personalizarea-experientei-oaspetilor-cu-servicii-complete-de-bar-mobil-pentru-nunta\/\" title=\"De la cocktail bar la coffee corner: personalizarea experien\u021bei oaspe\u021bilor cu servicii complete de bar mobil pentru nunt\u0103\">Continue Reading<span><\/span><\/a>\n\t\t\t    <\/div>\n\t\t\t    <br class=\"clear\"\/>\n\t\t\t<\/div>\n\t    <\/div>\n\t    \n\t<\/div>\n\n<\/div>\n<!-- End each blog post --><!-- Begin each blog post -->\n<div class=\"blog-posts-grid post-4965 post type-post status-publish format-standard has-post-thumbnail hentry category-evenimente\">\n\t\n\t\t<div class=\"post-wrapper smoove disable_tablet\" data-delay=\"300\" data-minwidth=\"769\" data-offset=\"-30%\">\n\t\t\n\t\t\t\t    <div class=\"post-featured-image static\">\n\t\t\t    \t\t\t    <div class=\"post-featured-image-hover\">\n\t\t\t\t    \n\t\t\t\t    \t\t\t    \t<div class=\"post-featured-date-wrapper\">\n\t\t\t\t\t    <div class=\"post-featured-date\">03<\/div>\n\t\t\t\t\t    <div class=\"post-featured-month\">May<\/div>\n\t\t\t\t\t<\/div>\n\t\t\t\t\t\t\t\t\t    \n\t\t\t     \t\t\t\t\t     <img decoding=\"async\"  src=\"https:\/\/savoury-events.ro\/wp-content\/uploads\/2024\/05\/Tendinte-bar-mobil-nunta-2024-960x500.webp\" class=\"disable_tablet\" alt=\"Tendinte bar mobil nunta 2024\"\/>\n\t\t\t\t     \t\t\t     \t\t\t\t     \t<a href=\"https:\/\/savoury-events.ro\/en\/tendintele-anului-2024-in-cocktailuri-pentru-nunta-personalizarea-experientei-oaspetilor-cu-servicii-complete-de-bar-mobil\/\"><\/a>\n\t\t\t    <\/div>\n\t\t    <\/div>\n\t\t\t    \n\t    <div class=\"post-content-wrapper text-\">\n\t\t    \n\t\t    <div class=\"post-header\">\n\t\t\t    <div class=\"post-header-title\">\n\t\t\t\t    <h5><a href=\"https:\/\/savoury-events.ro\/en\/tendintele-anului-2024-in-cocktailuri-pentru-nunta-personalizarea-experientei-oaspetilor-cu-servicii-complete-de-bar-mobil\/\" title=\"Tendin\u021bele anului 2024 \u00een cocktailuri pentru nunt\u0103: personalizarea experien\u021bei oaspe\u021bilor cu servicii complete de bar mobil\">Tendin\u021bele anului 2024 \u00een cocktailuri pentru nunt\u0103: personalizarea experien\u021bei oaspe\u021bilor cu servicii complete de bar mobil<\/a><\/h5>\n\t\t\t\t<\/div>\n\t\t\t    \n\t\t\t    \t\t\t    <div class=\"post-detail single-post\">\n\t\t\t\t    \n\t\t\t\t    \t\t\t    \t<span class=\"post-info-cat\">\n\t\t\t\t\t\t\t\t\t\t\t\t      \t<a href=\"https:\/\/savoury-events.ro\/en\/category\/evenimente\/\">Evenimente<\/a>\n\t\t\t\t\t\t\t\t\t    \t<\/span>\n\t\t\t    \t\t\t\t \t<\/div>\n\t\t\t \t\t\t\t<\/div>\n\t    \n\t\t\t<div class=\"post-header-wrapper\">\n\t\t\t\t<p>\u00cen peisajul actual al nun\u021bilor, serviciile de bar mobil nu sunt doar un extra serviciu pe care...<\/p>\t\t\t    <div class=\"post-button-wrapper\">\n\t\t\t\t    <a class=\"continue-reading\" href=\"https:\/\/savoury-events.ro\/en\/tendintele-anului-2024-in-cocktailuri-pentru-nunta-personalizarea-experientei-oaspetilor-cu-servicii-complete-de-bar-mobil\/\" title=\"Tendin\u021bele anului 2024 \u00een cocktailuri pentru nunt\u0103: personalizarea experien\u021bei oaspe\u021bilor cu servicii complete de bar mobil\">Continue Reading<span><\/span><\/a>\n\t\t\t    <\/div>\n\t\t\t    <br class=\"clear\"\/>\n\t\t\t<\/div>\n\t    <\/div>\n\t    \n\t<\/div>\n\n<\/div>\n<!-- End each blog post --><!-- Begin each blog post -->\n<div class=\"blog-posts-grid post-4820 post type-post status-publish format-standard has-post-thumbnail hentry category-evenimente\">\n\t\n\t\t<div class=\"post-wrapper smoove disable_tablet\" data-delay=\"400\" data-minwidth=\"769\" data-offset=\"-30%\">\n\t\t\n\t\t\t\t    <div class=\"post-featured-image static\">\n\t\t\t    \t\t\t    <div class=\"post-featured-image-hover\">\n\t\t\t\t    \n\t\t\t\t    \t\t\t    \t<div class=\"post-featured-date-wrapper\">\n\t\t\t\t\t    <div class=\"post-featured-date\">01<\/div>\n\t\t\t\t\t    <div class=\"post-featured-month\">Mar<\/div>\n\t\t\t\t\t<\/div>\n\t\t\t\t\t\t\t\t\t    \n\t\t\t     \t\t\t\t\t     <img decoding=\"async\"  src=\"https:\/\/savoury-events.ro\/wp-content\/uploads\/2024\/03\/ingrediente-perfecte-bar-mobil-960x500.webp\" class=\"disable_tablet\" alt=\"ingrediente-perfecte-bar-mobil-evenimente-coporate-evenimente-private\"\/>\n\t\t\t\t     \t\t\t     \t\t\t\t     \t<a href=\"https:\/\/savoury-events.ro\/en\/ingredientele-perfecte-ale-unui-bar-mobil-pentru-evenimente-private-si-corporate-de-succes\/\"><\/a>\n\t\t\t    <\/div>\n\t\t    <\/div>\n\t\t\t    \n\t    <div class=\"post-content-wrapper text-\">\n\t\t    \n\t\t    <div class=\"post-header\">\n\t\t\t    <div class=\"post-header-title\">\n\t\t\t\t    <h5><a href=\"https:\/\/savoury-events.ro\/en\/ingredientele-perfecte-ale-unui-bar-mobil-pentru-evenimente-private-si-corporate-de-succes\/\" title=\"Ingredientele perfecte ale unui bar mobil pentru evenimente private \u0219i corporate de succes\">Ingredientele perfecte ale unui bar mobil pentru evenimente private \u0219i corporate de succes<\/a><\/h5>\n\t\t\t\t<\/div>\n\t\t\t    \n\t\t\t    \t\t\t    <div class=\"post-detail single-post\">\n\t\t\t\t    \n\t\t\t\t    \t\t\t    \t<span class=\"post-info-cat\">\n\t\t\t\t\t\t\t\t\t\t\t\t      \t<a href=\"https:\/\/savoury-events.ro\/en\/category\/evenimente\/\">Evenimente<\/a>\n\t\t\t\t\t\t\t\t\t    \t<\/span>\n\t\t\t    \t\t\t\t \t<\/div>\n\t\t\t \t\t\t\t<\/div>\n\t    \n\t\t\t<div class=\"post-header-wrapper\">\n\t\t\t\t<p>La Savoury Events, transform\u0103m fiecare eveniment \u00eentr-o experien\u021b\u0103 unic\u0103, gra\u021bie serviciilor...<\/p>\t\t\t    <div class=\"post-button-wrapper\">\n\t\t\t\t    <a class=\"continue-reading\" href=\"https:\/\/savoury-events.ro\/en\/ingredientele-perfecte-ale-unui-bar-mobil-pentru-evenimente-private-si-corporate-de-succes\/\" title=\"Ingredientele perfecte ale unui bar mobil pentru evenimente private \u0219i corporate de succes\">Continue Reading<span><\/span><\/a>\n\t\t\t    <\/div>\n\t\t\t    <br class=\"clear\"\/>\n\t\t\t<\/div>\n\t    <\/div>\n\t    \n\t<\/div>\n\n<\/div>\n<!-- End each blog post --><!-- Begin each blog post -->\n<div class=\"blog-posts-grid post-4706 post type-post status-publish format-standard has-post-thumbnail hentry category-evenimente\">\n\t\n\t\t<div class=\"post-wrapper smoove disable_tablet\" data-delay=\"100\" data-minwidth=\"769\" data-offset=\"-30%\">\n\t\t\n\t\t\t\t    <div class=\"post-featured-image static\">\n\t\t\t    \t\t\t    <div class=\"post-featured-image-hover\">\n\t\t\t\t    \n\t\t\t\t    \t\t\t    \t<div class=\"post-featured-date-wrapper\">\n\t\t\t\t\t    <div class=\"post-featured-date\">25<\/div>\n\t\t\t\t\t    <div class=\"post-featured-month\">Jan<\/div>\n\t\t\t\t\t<\/div>\n\t\t\t\t\t\t\t\t\t    \n\t\t\t     \t\t\t\t\t     <img decoding=\"async\"  src=\"https:\/\/savoury-events.ro\/wp-content\/uploads\/2024\/01\/mariage-fest-960x500.webp\" class=\"disable_tablet\" alt=\"eveniment-mariage-fest-bar-mobil\"\/>\n\t\t\t\t     \t\t\t     \t\t\t\t     \t<a href=\"https:\/\/savoury-events.ro\/en\/descopera-serviciile-savoury-events-de-bar-mobil-pentru-evenimente-la-mariage-fest\/\"><\/a>\n\t\t\t    <\/div>\n\t\t    <\/div>\n\t\t\t    \n\t    <div class=\"post-content-wrapper text-\">\n\t\t    \n\t\t    <div class=\"post-header\">\n\t\t\t    <div class=\"post-header-title\">\n\t\t\t\t    <h5><a href=\"https:\/\/savoury-events.ro\/en\/descopera-serviciile-savoury-events-de-bar-mobil-pentru-evenimente-la-mariage-fest\/\" title=\"Descoper\u0103 serviciile Savoury Events de bar mobil pentru evenimente, la Mariage Fest, \u00een perioada 26-28 ianuarie\">Descoper\u0103 serviciile Savoury Events de bar mobil pentru evenimente, la Mariage Fest, \u00een perioada 26-28 ianuarie<\/a><\/h5>\n\t\t\t\t<\/div>\n\t\t\t    \n\t\t\t    \t\t\t    <div class=\"post-detail single-post\">\n\t\t\t\t    \n\t\t\t\t    \t\t\t    \t<span class=\"post-info-cat\">\n\t\t\t\t\t\t\t\t\t\t\t\t      \t<a href=\"https:\/\/savoury-events.ro\/en\/category\/evenimente\/\">Evenimente<\/a>\n\t\t\t\t\t\t\t\t\t    \t<\/span>\n\t\t\t    \t\t\t\t \t<\/div>\n\t\t\t \t\t\t\t<\/div>\n\t    \n\t\t\t<div class=\"post-header-wrapper\">\n\t\t\t\t<p>T\u00e2rgurile de nun\u021bi sunt adev\u0103rate oaze de inspira\u021bie pentru cuplurile care urmeaz\u0103 s\u0103 se...<\/p>\t\t\t    <div class=\"post-button-wrapper\">\n\t\t\t\t    <a class=\"continue-reading\" href=\"https:\/\/savoury-events.ro\/en\/descopera-serviciile-savoury-events-de-bar-mobil-pentru-evenimente-la-mariage-fest\/\" title=\"Descoper\u0103 serviciile Savoury Events de bar mobil pentru evenimente, la Mariage Fest, \u00een perioada 26-28 ianuarie\">Continue Reading<span><\/span><\/a>\n\t\t\t    <\/div>\n\t\t\t    <br class=\"clear\"\/>\n\t\t\t<\/div>\n\t    <\/div>\n\t    \n\t<\/div>\n\n<\/div>\n<!-- End each blog post --><\/div>\n<br class=\"clear\"\/>\n<br class=\"clear\"\/>\t\t\t\t<\/div>\n\t\t\t\t<\/div>\n\t\t\t\t\t<\/div>\n\t\t<\/div>\n\t\t\t\t\t<\/div>\n\t\t<\/section>\n\t\t\t\t<\/div>","protected":false},"excerpt":{"rendered":"<p>25 Jan Descoper\u0103 serviciile Savoury Events de bar mobil pentru evenimente, la Mariage Fest, \u00een perioada 26-28 ianuarie Evenimente Descoper\u0103 serviciile Savoury Events de bar mobil pentru evenimente, la Mariage Fest, \u00een perioada&#8230; Continue Reading<\/p>","protected":false},"author":1,"featured_media":0,"parent":0,"menu_order":0,"comment_status":"closed","ping_status":"closed","template":"","meta":{"footnotes":""},"class_list":["post-4808","page","type-page","status-publish","hentry"],"_links":{"self":[{"href":"https:\/\/savoury-events.ro\/en\/wp-json\/wp\/v2\/pages\/4808","targetHints":{"allow":["GET"]}}],"collection":[{"href":"https:\/\/savoury-events.ro\/en\/wp-json\/wp\/v2\/pages"}],"about":[{"href":"https:\/\/savoury-events.ro\/en\/wp-json\/wp\/v2\/types\/page"}],"author":[{"embeddable":true,"href":"https:\/\/savoury-events.ro\/en\/wp-json\/wp\/v2\/users\/1"}],"replies":[{"embeddable":true,"href":"https:\/\/savoury-events.ro\/en\/wp-json\/wp\/v2\/comments?post=4808"}],"version-history":[{"count":10,"href":"https:\/\/savoury-events.ro\/en\/wp-json\/wp\/v2\/pages\/4808\/revisions"}],"predecessor-version":[{"id":4819,"href":"https:\/\/savoury-events.ro\/en\/wp-json\/wp\/v2\/pages\/4808\/revisions\/4819"}],"wp:attachment":[{"href":"https:\/\/savoury-events.ro\/en\/wp-json\/wp\/v2\/media?parent=4808"}],"curies":[{"name":"wp","href":"https:\/\/api.w.org\/{rel}","templated":true}]}}